{"id":1398,"date":"2021-01-14T22:07:55","date_gmt":"2021-01-14T22:07:55","guid":{"rendered":"https:\/\/idealhh.wpengine.com\/servicio\/enfermera-visitante-a-domicilio\/"},"modified":"2025-08-28T06:50:41","modified_gmt":"2025-08-28T06:50:41","slug":"visiting-home-nurse","status":"publish","type":"page","link":"https:\/\/idealhh.com\/es\/services\/visiting-home-nurse\/","title":{"rendered":"Enfermera visitante a domicilio"},"content":{"rendered":"\n<section class=\"s-featured\">\n    <div class=\"c-featured__header\">\n        <div class=\"container\">\n            <div class=\"row  justify-content-center text-center\">\n                <div class=\"col-md-10 col-lg-8\">\n\n                                            <h2 class=\"c-featured__title u-primary-250\"\n                            data-aos=\"fade-up\"\n                            data-aos-delay=\"50\"\n                        >\n                            Un alto nivel de atenci\u00f3n de una enfermera con licencia registrada.                         <\/h2>\n                    \n                <\/div>\n                            <\/div>\n        <\/div>\n    <\/div>\n    <div class=\"c-featured__content  c-featured__content--revers\">\n                    <div class=\"c-featured__bg u-bg-img\"\n                 style=\"background-image: url(https:\/\/idealhh.com\/wp-content\/uploads\/2020\/09\/iStock-638124036.jpg);\"\n                 data-aos=\"featured-an-right\"\n                 data-aos-anchor-placement=\"top-bottom\"\n                 data-aos-offset=\"0\"\n            >\n                <img loading=\"lazy\" decoding=\"async\" width=\"2121\" height=\"1414\" src=\"https:\/\/idealhh.com\/wp-content\/uploads\/2020\/09\/iStock-638124036.jpg\" class=\"c-featured__bg-img\" alt=\"Young female doctor making diabetes blood test on senior woman\" srcset=\"https:\/\/idealhh.com\/wp-content\/uploads\/2020\/09\/iStock-638124036.jpg 2121w, https:\/\/idealhh.com\/wp-content\/uploads\/2020\/09\/iStock-638124036-300x200.jpg 300w, https:\/\/idealhh.com\/wp-content\/uploads\/2020\/09\/iStock-638124036-1024x683.jpg 1024w, https:\/\/idealhh.com\/wp-content\/uploads\/2020\/09\/iStock-638124036-768x512.jpg 768w, https:\/\/idealhh.com\/wp-content\/uploads\/2020\/09\/iStock-638124036-1536x1024.jpg 1536w, https:\/\/idealhh.com\/wp-content\/uploads\/2020\/09\/iStock-638124036-2048x1365.jpg 2048w\" sizes=\"auto, (max-width: 2121px) 100vw, 2121px\" \/>            <\/div>\n                <div class=\"c-featured__item\">\n            <div class=\"container\">\n                <div class=\"row \">\n                    <div class=\"col-md-6\">\n                        <div class=\"c-list__wrapper\">\n                                \n                                                           \n                                <div class=\"c-list__header\"\n                                     data-aos=\"fade-up\"\n                                >\n                                                                            <h3 class=\"c-list__title u-primary-250\">\n                                            Enfermeras Calificadas de Ideal Home Health                                        <\/h3>\n                                                                                                                <div class=\"c-list__description u-primary-200\">\n                                            Nuestros profesionales de la salud con licencia pueden                                        <\/div>\n                                                                    <\/div>\n                                                                                        <div class=\"c-list__content\"\n                                     data-aos=\"fade-up\"\n                                     data-aos-delay=\"100\"\n                                >\n                                    <ul>\n<li>Trabajar con usted para desarrollar un plan de atenci\u00f3n basado en las recomendaciones de su m\u00e9dico, sus preferencias personales y su estilo de vida<\/li>\n<li>Siga las instrucciones de atenci\u00f3n m\u00e9dica seg\u00fan las indicaciones de su m\u00e9dico<\/li>\n<li>Seguimiento de los signos vitales y el equipo m\u00e9dico<\/li>\n<li>Manejar el horario de los medicamentos y controlar los s\u00edntomas<\/li>\n<li>Cuidado post-operatorio y de heridas<\/li>\n<\/ul>\n                                <\/div>\n                                                    <\/div>\n                    <\/div>\n                <\/div>\n            <\/div>\n        <\/div>\n    <\/div>\n<\/section>\n    <section id=\"testimonials-block_5f7489270b642\" class=\"s-testimonials JS-testimonials-slider\">\n        <div class=\"c-testimonials d-flex flex-column align-items-center align-items-md-start\">\n            <div class=\"s-testimonials__subtitle-mobile d-lg-none\"\n                 data-aos=\"fade-up\"\n            >\n                <h4 class=\"c-testimonials__subtitle\">\n                    Lo que dicen los dem\u00e1s                <\/h4>\n            <\/div>\n            <div class=\"container order-3 order-lg-0\">\n                <div class=\"row\">\n                    <div class=\"col-6 d-none d-lg-block\">\n                        <h4 class=\"c-testimonials__subtitle\"\n                            data-aos=\"fade-up\"\n                        >\n                            Lo que dicen los dem\u00e1s                        <\/h4>\n                    <\/div>\n                    <div class=\"col-md-6\">\n                        <div class=\"c-testimonials__navigation d-flex justify-content-center justify-content-md-start justify-content-lg-end align-items-center\"\n                             data-aos=\"fade-left\"\n                             data-aos-delay=\"100\"\n                             data-aos-anchor=\".c-testimonials__player-wrapper\"\n                        >\n                            <div class=\"swiper-pagination\"><\/div>\n                            <div class=\"swiper-button-prev fa\"><\/div>\n                            <div class=\"swiper-button-next fa\"><\/div>\n                        <\/div>\n                    <\/div>\n                <\/div>\n            <\/div>\n            <div class=\"swiper-container JS-testimonials-slider__container\">\n                <div class=\"swiper-wrapper\">\n                                            <div class=\"swiper-slide\">\n                            <div class=\"c-testimonials__slide\">\n                                <div class=\"container\">\n                                    <div class=\"row justify-content-between align-items-center flex-column flex-lg-row\">\n                                        <div class=\"col-lg-6\">\n                                            <div class=\"c-testimonials__text-wrapper\"\n                                                 data-aos=\"fade-up\"\n                                                 data-aos-delay=\"150\"\n                                            >\n                                                <div class=\"c-testimonials__text u-white\">\n                                                    \u201cHe estado empleada en Ideal Home Health durante los \u00faltimos dos a\u00f1os. Aprecio el tiempo y los esfuerzos de sus coordinadores de oficina que, en mi opini\u00f3n, van m\u00e1s all\u00e1 para asegurarse de que mantenga mi documentaci\u00f3n y capacitaci\u00f3n al d\u00eda. El pago tambi\u00e9n es uno de los m\u00e1s altos que he recibido, y estoy agradecida de trabajar aqu\u00ed.\u201d\n                                                <\/div>\n                                                <div class=\"c-testimonials__author\"\n                                                     data-aos=\"fade-up\"\n                                                >\n                                                    <span class=\"c-testimonials__author-name\">Tayshia B.<\/span>\n                                                    <div class=\"c-testimonials__author-rating\">\n                                                        <i class=\"fa fa-star u-white\"><\/i><i class=\"fa fa-star u-white\"><\/i><i class=\"fa fa-star u-white\"><\/i><i class=\"fa fa-star u-white\"><\/i><i class=\"fa fa-star u-white\"><\/i>\n                                                    <\/div>\n                                                <\/div>\n                                            <\/div>\n                                        <\/div>\n                                        <div class=\"col-md-7 col-lg-5  align-self-md-end align-self-lg-center\">\n                                            <div class=\"c-testimonials__player-wrapper\"\n                                                 data-aos=\"fade-left\"\n                                                 data-aos-delay=\"150\"\n                                            >\n                                                <div class=\"c-testimonials__player\">\n                                                                                                            <img decoding=\"async\" src=\"https:\/\/idealhh.com\/wp-content\/uploads\/2020\/09\/pexels-tarzine-jackson-773371-scaled-e1615990166542.jpg\"\n                                                             alt=\"\"\n                                                             class=\"c-testimonials__player-preview\">\n                                                                                                                                                        <\/div>\n                                            <\/div>\n                                        <\/div>\n                                    <\/div>\n                                <\/div>\n                            <\/div>\n                        <\/div>\n\n\n                                            <div class=\"swiper-slide\">\n                            <div class=\"c-testimonials__slide\">\n                                <div class=\"container\">\n                                    <div class=\"row justify-content-between align-items-center flex-column flex-lg-row\">\n                                        <div class=\"col-lg-6\">\n                                            <div class=\"c-testimonials__text-wrapper\"\n                                                 data-aos=\"fade-up\"\n                                                 data-aos-delay=\"150\"\n                                            >\n                                                <div class=\"c-testimonials__text u-white\">\n                                                    \u201cGracias. Estoy tan feliz de tener la ayuda. Mi asistente me ayuda con mi medicina y me ayuda a arreglarme el cabello por la ma\u00f1ana. Estoy feliz cuando puedo ver a mis nietos y ella mantiene todo ordenado ya que yo no puedo hacerlo. Sarah es muy amable, realmente, realmente aprecio la ayuda.\u201d\n                                                <\/div>\n                                                <div class=\"c-testimonials__author\"\n                                                     data-aos=\"fade-up\"\n                                                >\n                                                    <span class=\"c-testimonials__author-name\">Liz P<\/span>\n                                                    <div class=\"c-testimonials__author-rating\">\n                                                        <i class=\"fa fa-star u-white\"><\/i><i class=\"fa fa-star u-white\"><\/i><i class=\"fa fa-star u-white\"><\/i><i class=\"fa fa-star u-white\"><\/i><i class=\"fa fa-star u-white\"><\/i>\n                                                    <\/div>\n                                                <\/div>\n                                            <\/div>\n                                        <\/div>\n                                        <div class=\"col-md-7 col-lg-5  align-self-md-end align-self-lg-center\">\n                                            <div class=\"c-testimonials__player-wrapper\"\n                                                 data-aos=\"fade-left\"\n                                                 data-aos-delay=\"150\"\n                                            >\n                                                <div class=\"c-testimonials__player\">\n                                                                                                            <img decoding=\"async\" src=\"https:\/\/idealhh.com\/wp-content\/uploads\/2020\/09\/iStock-1138669982.jpg\"\n                                                             alt=\"Portrait of an senior woman at home.\"\n                                                             class=\"c-testimonials__player-preview\">\n                                                                                                                                                        <\/div>\n                                            <\/div>\n                                        <\/div>\n                                    <\/div>\n                                <\/div>\n                            <\/div>\n                        <\/div>\n\n\n                                            <div class=\"swiper-slide\">\n                            <div class=\"c-testimonials__slide\">\n                                <div class=\"container\">\n                                    <div class=\"row justify-content-between align-items-center flex-column flex-lg-row\">\n                                        <div class=\"col-lg-6\">\n                                            <div class=\"c-testimonials__text-wrapper\"\n                                                 data-aos=\"fade-up\"\n                                                 data-aos-delay=\"150\"\n                                            >\n                                                <div class=\"c-testimonials__text u-white\">\n                                                    \u201cDespu\u00e9s de mudarme de Nueva York, cuidar de mi madre se volvi\u00f3 muy estresante para mi hermana y para m\u00ed. Tener un asistente nos ayuda a saber que est\u00e1 segura cuando no podemos estar all\u00ed. Hemos tenido una experiencia incre\u00edble trabajando con Ideal Home Health, son profesionales y hicieron que el proceso fuera f\u00e1cil.\u201d\n                                                <\/div>\n                                                <div class=\"c-testimonials__author\"\n                                                     data-aos=\"fade-up\"\n                                                >\n                                                    <span class=\"c-testimonials__author-name\">Joseph A.<\/span>\n                                                    <div class=\"c-testimonials__author-rating\">\n                                                        <i class=\"fa fa-star u-white\"><\/i><i class=\"fa fa-star u-white\"><\/i><i class=\"fa fa-star u-white\"><\/i><i class=\"fa fa-star u-white\"><\/i><i class=\"fa fa-star u-white\"><\/i>\n                                                    <\/div>\n                                                <\/div>\n                                            <\/div>\n                                        <\/div>\n                                        <div class=\"col-md-7 col-lg-5  align-self-md-end align-self-lg-center\">\n                                            <div class=\"c-testimonials__player-wrapper\"\n                                                 data-aos=\"fade-left\"\n                                                 data-aos-delay=\"150\"\n                                            >\n                                                <div class=\"c-testimonials__player\">\n                                                                                                            <img decoding=\"async\" src=\"https:\/\/idealhh.com\/wp-content\/uploads\/2020\/09\/iStock-1089410668.jpg\"\n                                                             alt=\"Manual worker standing outdoors at shipping port\"\n                                                             class=\"c-testimonials__player-preview\">\n                                                                                                                                                        <\/div>\n                                            <\/div>\n                                        <\/div>\n                                    <\/div>\n                                <\/div>\n                            <\/div>\n                        <\/div>\n\n\n                    \n                <\/div>  <!-- swiper-wrapper -->\n            <\/div>  <!--  swiper-container -->\n        <\/div>  <!-- c-testimonials -->\n    <\/section>\n\n\n","protected":false},"excerpt":{"rendered":"","protected":false},"author":1,"featured_media":0,"parent":1378,"menu_order":0,"comment_status":"closed","ping_status":"closed","template":"templates\/template-services.php","meta":{"_acf_changed":false,"om_disable_all_campaigns":false,"_monsterinsights_skip_tracking":false,"_monsterinsights_sitenote_active":false,"_monsterinsights_sitenote_note":"","_monsterinsights_sitenote_category":0,"_uf_show_specific_survey":0,"_uf_disable_surveys":false,"footnotes":""},"class_list":["post-1398","page","type-page","status-publish","hentry"],"acf":[],"aioseo_notices":[],"_links":{"self":[{"href":"https:\/\/idealhh.com\/es\/wp-json\/wp\/v2\/pages\/1398","targetHints":{"allow":["GET"]}}],"collection":[{"href":"https:\/\/idealhh.com\/es\/wp-json\/wp\/v2\/pages"}],"about":[{"href":"https:\/\/idealhh.com\/es\/wp-json\/wp\/v2\/types\/page"}],"author":[{"embeddable":true,"href":"https:\/\/idealhh.com\/es\/wp-json\/wp\/v2\/users\/1"}],"replies":[{"embeddable":true,"href":"https:\/\/idealhh.com\/es\/wp-json\/wp\/v2\/comments?post=1398"}],"version-history":[{"count":0,"href":"https:\/\/idealhh.com\/es\/wp-json\/wp\/v2\/pages\/1398\/revisions"}],"up":[{"embeddable":true,"href":"https:\/\/idealhh.com\/es\/wp-json\/wp\/v2\/pages\/1378"}],"wp:attachment":[{"href":"https:\/\/idealhh.com\/es\/wp-json\/wp\/v2\/media?parent=1398"}],"curies":[{"name":"wp","href":"https:\/\/api.w.org\/{rel}","templated":true}]}}