{"id":1410,"date":"2021-01-14T22:14:49","date_gmt":"2021-01-14T22:14:49","guid":{"rendered":"https:\/\/idealhh.wpengine.com\/como-inscribirse\/"},"modified":"2025-09-02T16:25:28","modified_gmt":"2025-09-02T16:25:28","slug":"how-to-enroll","status":"publish","type":"page","link":"https:\/\/idealhh.com\/es\/how-to-enroll\/","title":{"rendered":"C\u00f3mo Inscribirse"},"content":{"rendered":"    <section class=\"s-how-it-works u-bg-primary-300\">\n        <div class=\"c-featured__content c-featured__content--revers\">\n                        <div class=\"c-featured__item\">\n                <div class=\"c-steps JS-steps-slider\">\n                    <div class=\"container\">\n                        <div class=\"row\">\n                            <div class=\"col-md-6 col-lg-6\">\n                                <div class=\"c-steps__slider\"\n                                     data-aos=\"fade-left\"\n                                     data-aos-delay=\"100\" \n                                     data-aos-offset=\"250\"\n                                >\n                                    <div class=\"swiper-container-vertical\">\n                                        <div class=\"swiper-scrollbar\"><\/div>\n                                    <\/div>\n                                    <div class=\"swiper-container \">\n                                        <div class=\"swiper-wrapper\">\n                                            <div class=\"swiper-slide\">\n                                                <div class=\"c-steps__slide-wrap\">\n\n                                                                                                            <div class=\"c-steps__slide\">\n                                                                                                                            <span class=\"c-steps__number\">\n                                                                    01.                                                                <\/span>\n                                                                                                                        <div class=\"c-steps__body\">\n                                                                                                                                    <h4 class=\"c-steps__title u-white\">\n                                                                        Cont\u00e1ctenos                                                                     <\/h4>\n                                                                                                                                                                                                    <div class=\"c-steps__description u-white\">\n                                                                        <p>Cont\u00e1ctenos para hablar con un especialista de servicio al cliente de Ideal Home Health para discutir sus necesidades. <\/p>\n                                                                    <\/div>\n                                                                                                                            <\/div>\n                                                        <\/div>\n                                                            \n                                                                                                            <div class=\"c-steps__slide\">\n                                                                                                                            <span class=\"c-steps__number\">\n                                                                    02.                                                                <\/span>\n                                                                                                                        <div class=\"c-steps__body\">\n                                                                                                                                    <h4 class=\"c-steps__title u-white\">\n                                                                        Te ayudamos a coordinar los detalles                                                                     <\/h4>\n                                                                                                                                                                                                    <div class=\"c-steps__description u-white\">\n                                                                        <p>Lo guiamos a trav\u00e9s de los pasos para verificar la elegibilidad de Medicaid, programar evaluaciones estatales y coordinar con los m\u00e9dicos para el papeleo.<\/p>\n                                                                    <\/div>\n                                                                                                                            <\/div>\n                                                        <\/div>\n                                                            \n                                                                                                            <div class=\"c-steps__slide\">\n                                                                                                                            <span class=\"c-steps__number\">\n                                                                    03.                                                                <\/span>\n                                                                                                                        <div class=\"c-steps__body\">\n                                                                                                                                    <h4 class=\"c-steps__title u-white\">\n                                                                        Encuentra tu cuidadora ideal                                                                    <\/h4>\n                                                                                                                                                                                                    <div class=\"c-steps__description u-white\">\n                                                                        <p>Encontraremos la cuidadora ideal para su condici\u00f3n y necesidades, o lo ayudaremos a registrar a un familiar o amigo que sea elegible como cuidador de CDPAP. <\/p>\n                                                                    <\/div>\n                                                                                                                            <\/div>\n                                                        <\/div>\n                                                            \n                                                                                                            <div class=\"c-steps__slide\">\n                                                                                                                            <span class=\"c-steps__number\">\n                                                                    04.                                                                <\/span>\n                                                                                                                        <div class=\"c-steps__body\">\n                                                                                                                                    <h4 class=\"c-steps__title u-white\">\n                                                                        Reciba cuidado                                                                    <\/h4>\n                                                                                                                                                                                                    <div class=\"c-steps__description u-white\">\n                                                                        <p>Su atenci\u00f3n puede comenzar despu\u00e9s de una peque\u00f1a cantidad de papeleo. Es un proceso r\u00e1pido y sencillo. <\/p>\n                                                                    <\/div>\n                                                                                                                            <\/div>\n                                                        <\/div>\n                                                            \n                                                                                                    <\/div>\n                                                          \n                                            <\/div>\n                                        <\/div><!--swiper-wrapper-->\n                                    <\/div><!--swiper-container-->\n                                <\/div><!--c-steps__slider-->\n                            <\/div>\n                        <\/div>\n                    <\/div>\n                <\/div> <!--c-steps-->\n            <\/div>\n        <\/div>\n    <\/section>\n\n\n<section class=\"s-featured\">\n    <div class=\"c-featured__header\">\n        <div class=\"container\">\n            <div class=\"row  justify-content-center text-center\">\n                <div class=\"col-md-10 col-lg-8\">\n\n                                            <h2 class=\"c-featured__title u-primary-250\"\n                            data-aos=\"fade-up\"\n                            data-aos-delay=\"50\"\n                        >\n                            Hacemos que <span class=\"u-text-bold\">recibir cuidado sea f\u00e1cil.<\/span>                         <\/h2>\n                    \n                <\/div>\n                                    <div class=\"col-md-8 col-lg-6\">\n                        <div class=\"c-featured__description u-primary-200\"\n                             data-aos=\"fade-up\"\n                             data-aos-delay=\"50\"\n                        >\n                            <h1 style=\"font-size:22px;color: #384B74;font-weight:600;font-weight: 600;\nmargin: 0px 0px 11px 0px;\"> Home Health in New York <\/h1>\n<p>We have several options to assist you based on your level of need, lifestyle and family preferences.<\/p>\n                        <\/div>\n                    <\/div>\n                            <\/div>\n        <\/div>\n    <\/div>\n    <div class=\"c-featured__content \">\n                <div class=\"c-featured__item\">\n            <div class=\"container\">\n                <div class=\"row \">\n                    <div class=\"col-md-6\">\n                        <div class=\"c-list__wrapper\">\n                                \n                                                           \n                                <div class=\"c-list__header\"\n                                     data-aos=\"fade-up\"\n                                >\n                                                                            <h3 class=\"c-list__title u-primary-250\">\n                                            Comenzando con Ideal Home Health                                        <\/h3>\n                                                                                                                <div class=\"c-list__description u-primary-200\">\n                                            After coordinating the details with your insurance and providers, we work with your family to ensure you\u2019ll receive your desired level of care.                                        <\/div>\n                                                                    <\/div>\n                                                                                        <div class=\"c-list__content\"\n                                     data-aos=\"fade-up\"\n                                     data-aos-delay=\"100\"\n                                >\n                                    <ul>\n<li>Contamos con personal altamente calificado en cuidadores a domicilio, enfermer\u00eda especializada y cuidadores de CDPAP.<\/li>\n<li>Trabajamos con usted para crear un programa personalizado basado en su condici\u00f3n.<\/li>\n<li>Contamos con cuidadores que hablan su idioma y comprenden sus necesidades culturales.<\/li>\n<li>Contamos con coordinadores pacientes y comprensivos para garantizar que se responda cualquier pregunta que tenga<\/li>\n<\/ul>\n                                <\/div>\n                                                    <\/div>\n                    <\/div>\n                <\/div>\n            <\/div>\n        <\/div>\n    <\/div>\n<\/section>","protected":false},"excerpt":{"rendered":"","protected":false},"author":1,"featured_media":0,"parent":0,"menu_order":0,"comment_status":"closed","ping_status":"closed","template":"templates\/template-how-it-works.php","meta":{"_acf_changed":false,"om_disable_all_campaigns":false,"_monsterinsights_skip_tracking":false,"_monsterinsights_sitenote_active":false,"_monsterinsights_sitenote_note":"","_monsterinsights_sitenote_category":0,"_uf_show_specific_survey":0,"_uf_disable_surveys":false,"footnotes":""},"class_list":["post-1410","page","type-page","status-publish","hentry"],"acf":[],"aioseo_notices":[],"_links":{"self":[{"href":"https:\/\/idealhh.com\/es\/wp-json\/wp\/v2\/pages\/1410","targetHints":{"allow":["GET"]}}],"collection":[{"href":"https:\/\/idealhh.com\/es\/wp-json\/wp\/v2\/pages"}],"about":[{"href":"https:\/\/idealhh.com\/es\/wp-json\/wp\/v2\/types\/page"}],"author":[{"embeddable":true,"href":"https:\/\/idealhh.com\/es\/wp-json\/wp\/v2\/users\/1"}],"replies":[{"embeddable":true,"href":"https:\/\/idealhh.com\/es\/wp-json\/wp\/v2\/comments?post=1410"}],"version-history":[{"count":0,"href":"https:\/\/idealhh.com\/es\/wp-json\/wp\/v2\/pages\/1410\/revisions"}],"wp:attachment":[{"href":"https:\/\/idealhh.com\/es\/wp-json\/wp\/v2\/media?parent=1410"}],"curies":[{"name":"wp","href":"https:\/\/api.w.org\/{rel}","templated":true}]}}