{"id":1426,"date":"2021-01-14T22:53:54","date_gmt":"2021-01-14T22:53:54","guid":{"rendered":"https:\/\/idealhh.wpengine.com\/que-es-cdpap\/"},"modified":"2025-08-28T06:01:17","modified_gmt":"2025-08-28T06:01:17","slug":"what-is-cdpap","status":"publish","type":"page","link":"https:\/\/idealhh.com\/es\/what-is-cdpap\/","title":{"rendered":"\u00bfQu\u00e9 es CDPAP?"},"content":{"rendered":"\n<section class=\"s-featured\">\n    <div class=\"c-featured__header\">\n        <div class=\"container\">\n            <div class=\"row  justify-content-center text-center\">\n                <div class=\"col-md-10 col-lg-8\">\n\n                                            <h2 class=\"c-featured__title u-primary-250\"\n                            data-aos=\"fade-up\"\n                            data-aos-delay=\"50\"\n                        >\n                            Contrata a tu propio cuidador                        <\/h2>\n                    \n                <\/div>\n                                    <div class=\"col-md-8 col-lg-6\">\n                        <div class=\"c-featured__description u-primary-200\"\n                             data-aos=\"fade-up\"\n                             data-aos-delay=\"50\"\n                        >\n                            <p>Con CDPAP, sus familiares y amigos pueden ser su cuidador personal y recibir un pago de hasta $21.09\/hr por hora.<\/p>\n                        <\/div>\n                    <\/div>\n                            <\/div>\n        <\/div>\n    <\/div>\n    <div class=\"c-featured__content  c-featured__content--revers\">\n                <div class=\"c-featured__item\">\n            <div class=\"container\">\n                <div class=\"row \">\n                    <div class=\"col-md-6\">\n                        <div class=\"c-list__wrapper\">\n                                \n                                                           \n                                <div class=\"c-list__header\"\n                                     data-aos=\"fade-up\"\n                                >\n                                                                            <h3 class=\"c-list__title u-primary-250\">\n                                            \u00bfPor qu\u00e9 contratar a un amigo o familiar?                                         <\/h3>\n                                                                                                        <\/div>\n                                                                                        <div class=\"c-list__content\"\n                                     data-aos=\"fade-up\"\n                                     data-aos-delay=\"100\"\n                                >\n                                    <ul>\n<li>Es posible que su familiar o amigo ya lo est\u00e9 ayudando con su cuidado. H\u00e1galo oficial para que puedan ganar $ 21.09 \/ hora <\/li>\n<li>Su familia y amigos comprenden mejor su estilo de vida y necesidades culturales.<\/li>\n<li>Puede ayudar a un familiar que est\u00e9 buscando trabajo contrat\u00e1ndolo como su cuidador<\/li>\n<li>Conf\u00eda en el cuidado de su familiar o amigo y prefiere a alguien que conoce en su hogar<\/li>\n<\/ul>\n<p>&nbsp;<\/p>\n<h3 class=\"c-small-list__title\">\u00bfQui\u00e9n me puede cuidar?<\/h3>\n<ul>\n<li>Cualquier persona mayor de 18 a\u00f1os<\/li>\n<li>Cualquier persona autorizada para trabajar en E.U.<\/li>\n<li>Cualquier persona interesada in ganar $21.09\/hr<\/li>\n<\/ul>\n                                <\/div>\n                                                    <\/div>\n                    <\/div>\n                <\/div>\n            <\/div>\n        <\/div>\n    <\/div>\n<\/section>\n\n\n    <section id=\"testimonials-block_5f74865a19976\" class=\"s-testimonials JS-testimonials-slider\">\n        <div class=\"c-testimonials d-flex flex-column align-items-center align-items-md-start\">\n            <div class=\"s-testimonials__subtitle-mobile d-lg-none\"\n                 data-aos=\"fade-up\"\n            >\n                <h4 class=\"c-testimonials__subtitle\">\n                    Lo que dicen los dem\u00e1s                <\/h4>\n            <\/div>\n            <div class=\"container order-3 order-lg-0\">\n                <div class=\"row\">\n                    <div class=\"col-6 d-none d-lg-block\">\n                        <h4 class=\"c-testimonials__subtitle\"\n                            data-aos=\"fade-up\"\n                        >\n                            Lo que dicen los dem\u00e1s                        <\/h4>\n                    <\/div>\n                    <div class=\"col-md-6\">\n                        <div class=\"c-testimonials__navigation d-flex justify-content-center justify-content-md-start justify-content-lg-end align-items-center\"\n                             data-aos=\"fade-left\"\n                             data-aos-delay=\"100\"\n                             data-aos-anchor=\".c-testimonials__player-wrapper\"\n                        >\n                            <div class=\"swiper-pagination\"><\/div>\n                            <div class=\"swiper-button-prev fa\"><\/div>\n                            <div class=\"swiper-button-next fa\"><\/div>\n                        <\/div>\n                    <\/div>\n                <\/div>\n            <\/div>\n            <div class=\"swiper-container JS-testimonials-slider__container\">\n                <div class=\"swiper-wrapper\">\n                                            <div class=\"swiper-slide\">\n                            <div class=\"c-testimonials__slide\">\n                                <div class=\"container\">\n                                    <div class=\"row justify-content-between align-items-center flex-column flex-lg-row\">\n                                        <div class=\"col-lg-6\">\n                                            <div class=\"c-testimonials__text-wrapper\"\n                                                 data-aos=\"fade-up\"\n                                                 data-aos-delay=\"150\"\n                                            >\n                                                <div class=\"c-testimonials__text u-white\">\n                                                    \u201cMi madre rechaza cualquier ayuda, es una mujer muy independiente. Esto es mejor porque podemos manejarlo, y s\u00e9 que ella est\u00e1 bien. La experiencia de registrarse fue muy buena, fue f\u00e1cil, no hubo mucho papeleo.\u201d\n                                                <\/div>\n                                                <div class=\"c-testimonials__author\"\n                                                     data-aos=\"fade-up\"\n                                                >\n                                                    <span class=\"c-testimonials__author-name\">Cindy L. <\/span>\n                                                    <div class=\"c-testimonials__author-rating\">\n                                                        <i class=\"fa fa-star u-white\"><\/i><i class=\"fa fa-star u-white\"><\/i><i class=\"fa fa-star u-white\"><\/i><i class=\"fa fa-star u-white\"><\/i><i class=\"fa fa-star u-white\"><\/i>\n                                                    <\/div>\n                                                <\/div>\n                                            <\/div>\n                                        <\/div>\n                                        <div class=\"col-md-7 col-lg-5  align-self-md-end align-self-lg-center\">\n                                            <div class=\"c-testimonials__player-wrapper\"\n                                                 data-aos=\"fade-left\"\n                                                 data-aos-delay=\"150\"\n                                            >\n                                                <div class=\"c-testimonials__player\">\n                                                                                                            <img decoding=\"async\" src=\"https:\/\/idealhh.com\/wp-content\/uploads\/2020\/11\/zhang-kaiyv-dVo2oRx2IJo-unsplash-scaled.jpg\"\n                                                             alt=\"\"\n                                                             class=\"c-testimonials__player-preview\">\n                                                                                                                                                        <\/div>\n                                            <\/div>\n                                        <\/div>\n                                    <\/div>\n                                <\/div>\n                            <\/div>\n                        <\/div>\n\n\n                                            <div class=\"swiper-slide\">\n                            <div class=\"c-testimonials__slide\">\n                                <div class=\"container\">\n                                    <div class=\"row justify-content-between align-items-center flex-column flex-lg-row\">\n                                        <div class=\"col-lg-6\">\n                                            <div class=\"c-testimonials__text-wrapper\"\n                                                 data-aos=\"fade-up\"\n                                                 data-aos-delay=\"150\"\n                                            >\n                                                <div class=\"c-testimonials__text u-white\">\n                                                    \u201cInscribirse como cuidador oficial de CDPAP nos ayuda a pagar las facturas, y adem\u00e1s era el trabajo que ya estaba haciendo de todos modos. \u00a1Si hubi\u00e9ramos sabido de este programa antes, nos habr\u00edamos inscrito hace a\u00f1os!\u201d\n                                                <\/div>\n                                                <div class=\"c-testimonials__author\"\n                                                     data-aos=\"fade-up\"\n                                                >\n                                                    <span class=\"c-testimonials__author-name\"><\/span>\n                                                    <div class=\"c-testimonials__author-rating\">\n                                                        <i class=\"fa fa-star u-white\"><\/i><i class=\"fa fa-star u-white\"><\/i><i class=\"fa fa-star u-white\"><\/i><i class=\"fa fa-star u-white\"><\/i><i class=\"fa fa-star u-white\"><\/i>\n                                                    <\/div>\n                                                <\/div>\n                                            <\/div>\n                                        <\/div>\n                                        <div class=\"col-md-7 col-lg-5  align-self-md-end align-self-lg-center\">\n                                            <div class=\"c-testimonials__player-wrapper\"\n                                                 data-aos=\"fade-left\"\n                                                 data-aos-delay=\"150\"\n                                            >\n                                                <div class=\"c-testimonials__player\">\n                                                                                                            <img decoding=\"async\" src=\"https:\/\/idealhh.com\/wp-content\/uploads\/2020\/11\/pexels-aigars-nel\u0327k\u0327e-3856606-scaled.jpg\"\n                                                             alt=\"brooklyn families choose Ideal Home Health\"\n                                                             class=\"c-testimonials__player-preview\">\n                                                                                                                                                        <\/div>\n                                            <\/div>\n                                        <\/div>\n                                    <\/div>\n                                <\/div>\n                            <\/div>\n                        <\/div>\n\n\n                    \n                <\/div>  <!-- swiper-wrapper -->\n            <\/div>  <!--  swiper-container -->\n        <\/div>  <!-- c-testimonials -->\n    <\/section>\n\n\n","protected":false},"excerpt":{"rendered":"","protected":false},"author":1,"featured_media":0,"parent":0,"menu_order":0,"comment_status":"closed","ping_status":"closed","template":"templates\/template-services.php","meta":{"_acf_changed":false,"om_disable_all_campaigns":false,"_monsterinsights_skip_tracking":false,"_monsterinsights_sitenote_active":false,"_monsterinsights_sitenote_note":"","_monsterinsights_sitenote_category":0,"_uf_show_specific_survey":0,"_uf_disable_surveys":false,"footnotes":""},"class_list":["post-1426","page","type-page","status-publish","hentry"],"acf":[],"aioseo_notices":[],"_links":{"self":[{"href":"https:\/\/idealhh.com\/es\/wp-json\/wp\/v2\/pages\/1426","targetHints":{"allow":["GET"]}}],"collection":[{"href":"https:\/\/idealhh.com\/es\/wp-json\/wp\/v2\/pages"}],"about":[{"href":"https:\/\/idealhh.com\/es\/wp-json\/wp\/v2\/types\/page"}],"author":[{"embeddable":true,"href":"https:\/\/idealhh.com\/es\/wp-json\/wp\/v2\/users\/1"}],"replies":[{"embeddable":true,"href":"https:\/\/idealhh.com\/es\/wp-json\/wp\/v2\/comments?post=1426"}],"version-history":[{"count":0,"href":"https:\/\/idealhh.com\/es\/wp-json\/wp\/v2\/pages\/1426\/revisions"}],"wp:attachment":[{"href":"https:\/\/idealhh.com\/es\/wp-json\/wp\/v2\/media?parent=1426"}],"curies":[{"name":"wp","href":"https:\/\/api.w.org\/{rel}","templated":true}]}}