{"id":1467,"date":"2021-01-15T12:30:29","date_gmt":"2021-01-15T12:30:29","guid":{"rendered":"https:\/\/idealhh.wpengine.com\/convertirse-en-un-cuidador-de-ideal-home-health\/"},"modified":"2025-08-28T10:52:56","modified_gmt":"2025-08-28T10:52:56","slug":"convertirse-en-un-cuidador-de-ideal-home-health","status":"publish","type":"page","link":"https:\/\/idealhh.com\/es\/carreras\/convertirse-en-un-cuidador-de-ideal-home-health\/","title":{"rendered":"Convertirse en un cuidador de Ideal Home Health"},"content":{"rendered":"    <section class=\"s-how-it-works u-bg-primary-300\">\n        <div class=\"c-featured__content c-featured__content--revers\">\n                        <div class=\"c-featured__item\">\n                <div class=\"c-steps JS-steps-slider\">\n                    <div class=\"container\">\n                        <div class=\"row\">\n                            <div class=\"col-md-6 col-lg-6\">\n                                <div class=\"c-steps__slider\"\n                                     data-aos=\"fade-left\"\n                                     data-aos-delay=\"100\" \n                                     data-aos-offset=\"250\"\n                                >\n                                    <div class=\"swiper-container-vertical\">\n                                        <div class=\"swiper-scrollbar\"><\/div>\n                                    <\/div>\n                                    <div class=\"swiper-container \">\n                                        <div class=\"swiper-wrapper\">\n                                            <div class=\"swiper-slide\">\n                                                <div class=\"c-steps__slide-wrap\">\n\n                                                                                                            <div class=\"c-steps__slide\">\n                                                                                                                            <span class=\"c-steps__number\">\n                                                                    01.                                                                <\/span>\n                                                                                                                        <div class=\"c-steps__body\">\n                                                                                                                                    <h4 class=\"c-steps__title u-white\">\n                                                                        Cont\u00e1ctenos                                                                    <\/h4>\n                                                                                                                                                                                                    <div class=\"c-steps__description u-white\">\n                                                                        <p>Cont\u00e1ctenos<\/p>\n                                                                    <\/div>\n                                                                                                                            <\/div>\n                                                        <\/div>\n                                                            \n                                                                                                            <div class=\"c-steps__slide\">\n                                                                                                                            <span class=\"c-steps__number\">\n                                                                    02.                                                                <\/span>\n                                                                                                                        <div class=\"c-steps__body\">\n                                                                                                                                    <h4 class=\"c-steps__title u-white\">\n                                                                        Complete una solicitud                                                                    <\/h4>\n                                                                                                                                                                                                    <div class=\"c-steps__description u-white\">\n                                                                        <p>Un coordinador se comunicar\u00e1 con usted para completar nuestra solicitud sencilla para recopilar su informaci\u00f3n importante. Durante esta fase se requerir\u00e1 una verificaci\u00f3n de antecedentes y un examen de drogas. During this phase a background check and drug screening will be required.<\/p>\n                                                                    <\/div>\n                                                                                                                            <\/div>\n                                                        <\/div>\n                                                            \n                                                                                                            <div class=\"c-steps__slide\">\n                                                                                                                            <span class=\"c-steps__number\">\n                                                                    03.                                                                <\/span>\n                                                                                                                        <div class=\"c-steps__body\">\n                                                                                                                                    <h4 class=\"c-steps__title u-white\">\n                                                                        Reciba su oferta de empleo                                                                    <\/h4>\n                                                                                                                                                                                                    <div class=\"c-steps__description u-white\">\n                                                                        <p>\u00a1Felicidades! Ahora eres un asistente de salud en el hogar de Ideal. Lo emparejaremos con el paciente ideal.  <\/p>\n                                                                    <\/div>\n                                                                                                                            <\/div>\n                                                        <\/div>\n                                                            \n                                                                                                            <div class=\"c-steps__slide\">\n                                                                                                                            <span class=\"c-steps__number\">\n                                                                    04.                                                                <\/span>\n                                                                                                                        <div class=\"c-steps__body\">\n                                                                                                                                    <h4 class=\"c-steps__title u-white\">\n                                                                        Comienze a brindar cuidado.                                                                    <\/h4>\n                                                                                                                                                                                                    <div class=\"c-steps__description u-white\">\n                                                                        <p>Comienze a cuidar a los pacientes. <\/p>\n                                                                    <\/div>\n                                                                                                                            <\/div>\n                                                        <\/div>\n                                                            \n                                                                                                    <\/div>\n                                                          \n                                            <\/div>\n                                        <\/div><!--swiper-wrapper-->\n                                    <\/div><!--swiper-container-->\n                                <\/div><!--c-steps__slider-->\n                            <\/div>\n                        <\/div>\n                    <\/div>\n                <\/div> <!--c-steps-->\n            <\/div>\n        <\/div>\n    <\/section>\n\n\n<section class=\"s-featured\">\n    <div class=\"c-featured__header\">\n        <div class=\"container\">\n            <div class=\"row  justify-content-center text-center\">\n                <div class=\"col-md-10 col-lg-8\">\n\n                                            <h2 class=\"c-featured__title u-primary-250\"\n                            data-aos=\"fade-up\"\n                            data-aos-delay=\"50\"\n                        >\n                            Hacemos que convertirse en un asistente de salud en el hogar certificado sea f\u00e1cil.                         <\/h2>\n                    \n                <\/div>\n                                    <div class=\"col-md-8 col-lg-6\">\n                        <div class=\"c-featured__description u-primary-200\"\n                             data-aos=\"fade-up\"\n                             data-aos-delay=\"50\"\n                        >\n                            <h1 style=\"font-size:22px;color: #384B74;margin: 0px 0px 17px 0px;\">Terapia en Brooklyn, Nueva York <\/h1>\n<p><span style=\"font-weight: 400;\">En Ideal Home Health, valoramos a nuestro personal y ofrecemos salarios altos, formaci\u00f3n y apoyo para ayudarle a alcanzar el \u00e9xito. <\/span><\/p>\n                        <\/div>\n                    <\/div>\n                            <\/div>\n        <\/div>\n    <\/div>\n    <div class=\"c-featured__content \">\n                <div class=\"c-featured__item\">\n            <div class=\"container\">\n                <div class=\"row \">\n                    <div class=\"col-md-6\">\n                        <div class=\"c-list__wrapper\">\n                                \n                                                           \n                                <div class=\"c-list__header\"\n                                     data-aos=\"fade-up\"\n                                >\n                                                                            <h3 class=\"c-list__title u-primary-250\">\n                                            Comenzando con Ideal Home Health                                        <\/h3>\n                                                                                                                <div class=\"c-list__description u-primary-200\">\n                                            Despu\u00e9s de contactarnos y completar una solicitud, trabajaremos para                                         <\/div>\n                                                                    <\/div>\n                                                                                        <div class=\"c-list__content\"\n                                     data-aos=\"fade-up\"\n                                     data-aos-delay=\"100\"\n                                >\n                                    <ul>\n<li>Colocarlo con un paciente que ser\u00e1 una combinaci\u00f3n exitosa<\/li>\n<li>Brindar entrenamiento continuo para mantenerlo actualizado con el entrenamiento requerido.<\/li>\n<li>Proporcionar coordinadores que puedan ayudarlo a recibir cualquier equipo o servicio que lo ayude a brindar un mayor nivel de cuidado.<\/li>\n<li>Pague uno de los salarios disponibles m\u00e1s altos para los asistentes de salud en el hogar, cdpap y enfermer\u00eda califidada.<\/li>\n<\/ul>\n                                <\/div>\n                                                    <\/div>\n                    <\/div>\n                <\/div>\n            <\/div>\n        <\/div>\n    <\/div>\n<\/section>","protected":false},"excerpt":{"rendered":"","protected":false},"author":1,"featured_media":0,"parent":3842,"menu_order":0,"comment_status":"closed","ping_status":"closed","template":"templates\/template-how-it-works.php","meta":{"_acf_changed":false,"om_disable_all_campaigns":false,"_monsterinsights_skip_tracking":false,"_monsterinsights_sitenote_active":false,"_monsterinsights_sitenote_note":"","_monsterinsights_sitenote_category":0,"_uf_show_specific_survey":0,"_uf_disable_surveys":false,"footnotes":""},"class_list":["post-1467","page","type-page","status-publish","hentry"],"acf":[],"aioseo_notices":[],"_links":{"self":[{"href":"https:\/\/idealhh.com\/es\/wp-json\/wp\/v2\/pages\/1467","targetHints":{"allow":["GET"]}}],"collection":[{"href":"https:\/\/idealhh.com\/es\/wp-json\/wp\/v2\/pages"}],"about":[{"href":"https:\/\/idealhh.com\/es\/wp-json\/wp\/v2\/types\/page"}],"author":[{"embeddable":true,"href":"https:\/\/idealhh.com\/es\/wp-json\/wp\/v2\/users\/1"}],"replies":[{"embeddable":true,"href":"https:\/\/idealhh.com\/es\/wp-json\/wp\/v2\/comments?post=1467"}],"version-history":[{"count":0,"href":"https:\/\/idealhh.com\/es\/wp-json\/wp\/v2\/pages\/1467\/revisions"}],"up":[{"embeddable":true,"href":"https:\/\/idealhh.com\/es\/wp-json\/wp\/v2\/pages\/3842"}],"wp:attachment":[{"href":"https:\/\/idealhh.com\/es\/wp-json\/wp\/v2\/media?parent=1467"}],"curies":[{"name":"wp","href":"https:\/\/api.w.org\/{rel}","templated":true}]}}